{"id":21,"date":"2019-08-20T20:29:36","date_gmt":"2019-08-20T18:29:36","guid":{"rendered":"http:\/\/neu.mainz-orthodoxie.de\/?page_id=21"},"modified":"2026-03-13T16:51:00","modified_gmt":"2026-03-13T15:51:00","slug":"besuch","status":"publish","type":"page","link":"https:\/\/mainz-orthodoxie.de\/en\/besuch\/","title":{"rendered":"Herzlich Willkommen!"},"content":{"rendered":"<p>Liebe Besucher,<\/p>\n<p>Sie sind herzlich eingeladen unsere Gottesdienste zu besuchen.&nbsp; Zur Zeit feiern wir Sonntags um 10.00 Uhr G\u00f6ttliche Liturgie (Beichte ab 09.00 Uhr, Stunden ab 09.30 Uhr). Nach den Gottesdiensten ist Zeit f\u00fcr Gespr\u00e4che und einen Tee oder Kaffee. Schauen Sie sich den <a href=\"https:\/\/mainz-orthodoxie.de\/gottesdienstplan\/\">aktuellen Gottesdienstplan<\/a> an und besuchen Sie uns zu einem Gottesdienst!<\/p>\n<p>Nat\u00fcrlich erreichen Sie uns auch per E-Mail oder Telefon. <a href=\"https:\/\/mainz-orthodoxie.de\/kontakt\/\">Hier finden Sie die entsprechenden Kontaktdaten<\/a>.<\/p>\n<p>Bitte parken Sie nur auf \u00f6ffentlichen Parkpl\u00e4tzen und halten die Anwohnerparkpl\u00e4tze frei. Vielen Dank.<\/p>\n<p>Wir freuen uns auf Sie!<\/p>\n","protected":false},"excerpt":{"rendered":"<p>Liebe Besucher, Sie sind herzlich eingeladen unsere Gottesdienste zu besuchen.&nbsp; Zur Zeit feiern wir Sonntags um 10.00 Uhr G\u00f6ttliche Liturgie (Beichte ab 09.00 Uhr, Stunden ab 09.30 Uhr). Nach den Gottesdiensten ist Zeit f\u00fcr Gespr\u00e4che und einen Tee oder Kaffee. Schauen Sie sich den aktuellen Gottesdienstplan an und besuchen Sie uns zu einem Gottesdienst! Nat\u00fcrlich &hellip; <\/p>\n<p class=\"link-more\"><a href=\"https:\/\/mainz-orthodoxie.de\/en\/besuch\/\" class=\"more-link\">Continue reading<span class=\"screen-reader-text\"> &#8220;Herzlich Willkommen!&#8221;<\/span><\/a><\/p>\n","protected":false},"author":2,"featured_media":0,"parent":0,"menu_order":0,"comment_status":"closed","ping_status":"closed","template":"","meta":{"ngg_post_thumbnail":0,"footnotes":""},"class_list":["post-21","page","type-page","status-publish","hentry"],"translation":{"provider":"WPGlobus","version":"3.0.2","language":"en","enabled_languages":["de","ru","en"],"languages":{"de":{"title":true,"content":true,"excerpt":false},"ru":{"title":false,"content":false,"excerpt":false},"en":{"title":false,"content":false,"excerpt":false}}},"_links":{"self":[{"href":"https:\/\/mainz-orthodoxie.de\/en\/wp-json\/wp\/v2\/pages\/21","targetHints":{"allow":["GET"]}}],"collection":[{"href":"https:\/\/mainz-orthodoxie.de\/en\/wp-json\/wp\/v2\/pages"}],"about":[{"href":"https:\/\/mainz-orthodoxie.de\/en\/wp-json\/wp\/v2\/types\/page"}],"author":[{"embeddable":true,"href":"https:\/\/mainz-orthodoxie.de\/en\/wp-json\/wp\/v2\/users\/2"}],"replies":[{"embeddable":true,"href":"https:\/\/mainz-orthodoxie.de\/en\/wp-json\/wp\/v2\/comments?post=21"}],"version-history":[{"count":31,"href":"https:\/\/mainz-orthodoxie.de\/en\/wp-json\/wp\/v2\/pages\/21\/revisions"}],"predecessor-version":[{"id":2305,"href":"https:\/\/mainz-orthodoxie.de\/en\/wp-json\/wp\/v2\/pages\/21\/revisions\/2305"}],"wp:attachment":[{"href":"https:\/\/mainz-orthodoxie.de\/en\/wp-json\/wp\/v2\/media?parent=21"}],"curies":[{"name":"wp","href":"https:\/\/api.w.org\/{rel}","templated":true}]}}