{"id":3,"date":"2019-08-20T19:38:02","date_gmt":"2019-08-20T17:38:02","guid":{"rendered":"http:\/\/neu.mainz-orthodoxie.de\/?page_id=3"},"modified":"2020-12-28T21:20:20","modified_gmt":"2020-12-28T20:20:20","slug":"datenschutzerklaerung","status":"publish","type":"page","link":"https:\/\/mainz-orthodoxie.de\/en\/datenschutzerklaerung\/","title":{"rendered":"Datenschutzerkl\u00e4rung"},"content":{"rendered":"<h4><span style=\"font-family: Arial, sans-serif; font-size: 12pt;\">Grundlegendes<\/span><\/h4>\n<p><span style=\"font-size: 12pt;\"><span style=\"font-family: Arial, sans-serif;\">Diese Datenschutzerkl\u00e4rung soll die Nutzer dieser Website \u00fcber die Art, den Umfang und den Zweck der Erhebung und Verwendung personenbezogener Daten durch den <a href=\"https:\/\/mainz-orthodoxie.de\/impressum\/\">Websitebetreiber<\/a> informieren. <\/span><span style=\"font-family: Arial, sans-serif;\">Der Websitebetreiber nimmt Ihren Datenschutz sehr ernst und behandelt Ihre personenbezogenen Daten vertraulich und entsprechend der gesetzlichen Vorschriften. Da durch neue Technologien und die st\u00e4ndige Weiterentwicklung dieser Webseite \u00c4nderungen an dieser Datenschutzerkl\u00e4rung vorgenommen werden k\u00f6nnen, empfehlen wir Ihnen sich die Datenschutzerkl\u00e4rung in regelm\u00e4\u00dfigen Abst\u00e4nden wieder durchzulesen. <\/span><span style=\"font-family: Arial, sans-serif;\">Definitionen der verwendeten Begriffe (z.B. \u201cpersonenbezogene Daten\u201d oder \u201cVerarbeitung\u201d) finden Sie in Art. 4 DSGVO.<\/span><\/span><\/p>\n<h4><span style=\"font-family: Arial, sans-serif; font-size: 12pt;\">Zugriffsdaten<\/span><\/h4>\n<p><span style=\"font-family: Arial, sans-serif; font-size: 12pt;\">Wir, der Websitebetreiber bzw. Seitenprovider, erheben aufgrund unseres berechtigten Interesses (s. Art. 6 Abs. 1 lit. f. DSGVO) Daten \u00fcber Zugriffe auf die Website und speichern diese als \u201eServer-Logfiles\u201c auf dem Server der Website ab. Folgende Daten werden so protokolliert:<\/span><\/p>\n<ul>\n<li><span style=\"font-family: Arial, sans-serif; font-size: 12pt;\">Besuchte Website<\/span><\/li>\n<li><span style=\"font-family: Arial, sans-serif; font-size: 12pt;\">Uhrzeit zum Zeitpunkt des Zugriffes<\/span><\/li>\n<li><span style=\"font-family: Arial, sans-serif; font-size: 12pt;\">Menge der gesendeten Daten in Byte<\/span><\/li>\n<li><span style=\"font-family: Arial, sans-serif; font-size: 12pt;\">Quelle\/Verweis, von welchem Sie auf die Seite gelangten<\/span><\/li>\n<li><span style=\"font-family: Arial, sans-serif; font-size: 12pt;\">Verwendeter Browser<\/span><\/li>\n<li><span style=\"font-family: Arial, sans-serif; font-size: 12pt;\">Verwendetes Betriebssystem<\/span><\/li>\n<li><span style=\"font-family: Arial, sans-serif; font-size: 12pt;\">Verwendete IP-Adresse<\/span><\/li>\n<\/ul>\n<p><span style=\"font-family: Arial, sans-serif; font-size: 12pt;\">Die Server-Logfiles werden f\u00fcr maximal 7 Tage gespeichert und anschlie\u00dfend gel\u00f6scht. Die Speicherung der Daten erfolgt aus Sicherheitsgr\u00fcnden, um z. B. Missbrauchsf\u00e4lle aufkl\u00e4ren zu k\u00f6nnen. M\u00fcssen Daten aus Beweisgr\u00fcnden aufgehoben werden, sind sie solange von der L\u00f6schung ausgenommen bis der Vorfall endg\u00fcltig gekl\u00e4rt ist.<\/span><\/p>\n<h4><span style=\"font-family: Arial, sans-serif; font-size: 12pt;\">Reichweitenmessung &amp; Cookies<\/span><\/h4>\n<p><span style=\"font-size: 12pt;\"><span style=\"font-family: Arial, sans-serif;\">Diese Website verwendet Cookies zur pseudonymisierten Reichweitenmessung, die entweder von unserem Server oder dem Server Dritter an den Browser des Nutzers \u00fcbertragen werden. Bei Cookies handelt es sich um kleine Dateien, welche auf Ihrem Endger\u00e4t gespeichert werden. Ihr Browser greift auf diese Dateien zu. Durch den Einsatz von Cookies erh\u00f6ht sich die Benutzerfreundlichkeit und Sicherheit dieser Website. <\/span><span style=\"font-family: Arial, sans-serif;\">Falls Sie nicht m\u00f6chten, dass Cookies zur Reichweitenmessung auf Ihrem Endger\u00e4t gespeichert werden, k\u00f6nnen Sie dem Einsatz dieser Dateien hier widersprechen:<\/span><\/span><\/p>\n<ul>\n<li><span style=\"font-family: Times New Roman, serif; font-size: 12pt;\"><span style=\"font-family: Arial, sans-serif;\">Cookie-Deaktivierungsseite der Netzwerkwerbeinitiative: <\/span><a href=\"http:\/\/optout.networkadvertising.org\/?c=1#!\/\"><span style=\"color: #365f91;\"><span style=\"font-family: Arial, sans-serif;\"><u>http:\/\/optout.networkadvertising.org\/?c=1#!\/<\/u><\/span><\/span><\/a><\/span><\/li>\n<li><span style=\"font-family: Times New Roman, serif; font-size: 12pt;\"><span style=\"font-family: Arial, sans-serif;\">Cookie-Deaktivierungsseite der US-amerikanischen Website: <\/span><a href=\"http:\/\/optout.aboutads.info\/?c=2#!\/\"><span style=\"color: #365f91;\"><span style=\"font-family: Arial, sans-serif;\"><u>http:\/\/optout.aboutads.info\/?c=2#!\/<\/u><\/span><\/span><\/a><\/span><\/li>\n<li><span style=\"font-family: Times New Roman, serif; font-size: 12pt;\"><span style=\"font-family: Arial, sans-serif;\">Cookie-Deaktivierungsseite der europ\u00e4ischen Website: <\/span><a href=\"http:\/\/optout.networkadvertising.org\/?c=1#!\/\"><span style=\"color: #365f91;\"><span style=\"font-family: Arial, sans-serif;\"><u>http:\/\/optout.networkadvertising.org\/?c=1#!\/<\/u><\/span><\/span><\/a><\/span><\/li>\n<\/ul>\n<p><span style=\"font-family: Arial, sans-serif; font-size: 12pt;\">G\u00e4ngige Browser bieten die Einstellungsoption, Cookies nicht zuzulassen. Hinweis: Es ist nicht gew\u00e4hrleistet, dass Sie auf alle Funktionen dieser Website ohne Einschr\u00e4nkungen zugreifen k\u00f6nnen, wenn Sie entsprechende Einstellungen vornehmen. <\/span><\/p>\n<h4><span style=\"font-family: Arial, sans-serif; font-size: 12pt;\">Erfassung und Verarbeitung personenbezogener Daten<\/span><\/h4>\n<p><span style=\"font-size: 12pt;\"><span style=\"font-family: Arial, sans-serif;\">Der Websitebetreiber erhebt, nutzt und gibt Ihre personenbezogenen Daten nur dann weiter, wenn dies im gesetzlichen Rahmen erlaubt ist oder Sie in die Datenerhebung einwilligen. <\/span><span style=\"font-family: Arial, sans-serif;\">Als personenbezogene Daten gelten s\u00e4mtliche Informationen, welche dazu dienen, Ihre Person zu bestimmen und welche zu Ihnen zur\u00fcckverfolgt werden k\u00f6nnen \u2013 also beispielsweise Ihr Name, Ihre E-Mail-Adresse und Telefonnummer. <\/span><span style=\"font-family: Arial, sans-serif;\">Diese Website k\u00f6nnen Sie auch besuchen, ohne Angaben zu Ihrer Person zu machen. Zur Verbesserung unseres Online-Angebotes speichern wir jedoch (ohne Personenbezug) Ihre Zugriffsdaten auf diese Website. Zu diesen Zugriffsdaten geh\u00f6ren z. B. die von Ihnen angeforderte Datei oder der Name Ihres Internet-Providers. Durch die Anonymisierung der Daten sind R\u00fcckschl\u00fcsse auf Ihre Person nicht m\u00f6glich. <\/span><span style=\"color: #000000;\"><span style=\"font-family: Times New Roman, serif;\"><span style=\"font-family: Arial, sans-serif;\">Wir verarbeiten personenbezogene Daten wie Vorname, Nachname, IP-Adresse, E-Mail-Adresse, und Inhalt<\/span><span style=\"font-family: Arial, sans-serif;\">e <\/span><span style=\"font-family: Arial, sans-serif;\">aus dem Kontaktformular. <\/span><\/span><\/span><span style=\"color: #000000;\"><span style=\"font-family: Arial, sans-serif;\">Wir verarbeiten personenbezogene Daten nur nach ausdr\u00fccklicher Erlaubnis der betreffenden Nutzer und unter Einhaltung der geltenden Datenschutzbestimmungen. <\/span><\/span><span style=\"color: #000000;\"><span style=\"font-family: Arial, sans-serif;\">Die Verarbeitung der personenbezogenen Daten erfolgt aufgrund unseres berechtigten Interesses zur Erf\u00fcllung unserer Leistungen und zur Optimierung unseres Online-Angebotes.<\/span><\/span><\/span><\/p>\n<p><span style=\"font-family: Arial, sans-serif; font-size: 12pt;\"><b>Umgang mit Kontaktdaten<\/b><\/span><\/p>\n<p><span style=\"font-family: Arial, sans-serif; font-size: 12pt;\">Nehmen Sie mit uns als Websitebetreiber durch die angebotenen Kontaktm\u00f6glichkeiten (Kontaktformular) Verbindung auf, werden Ihre Angaben gespeichert, damit auf diese zur Bearbeitung und Beantwortung Ihrer Anfrage zur\u00fcckgegriffen werden kann. Ohne Ihre Einwilligung werden diese Daten nicht an Dritte weitergegeben.<\/span><\/p>\n<p><strong><span style=\"font-family: arial, helvetica, sans-serif; font-size: 12pt;\">Google Maps<\/span><\/strong><\/p>\n<p><span style=\"font-family: arial, helvetica, sans-serif; font-size: 12pt;\">Diese Seite nutzt \u00fcber eine API den Kartendienst Google Maps. Anbieter ist die Google Inc., 1600 Amphitheatre Parkway, Mountain View, CA 94043, USA. <\/span><span style=\"font-family: arial, helvetica, sans-serif; font-size: 12pt;\">Zur Nutzung der Funktionen von Google Maps ist es notwendig, Ihre IP Adresse zu speichern. Diese Informationen werden in der Regel an einen Server von Google in den USA \u00fcbertragen und dort gespeichert. Der Anbieter dieser Seite hat keinen Einfluss auf diese Daten\u00fcbertragung. <\/span><span style=\"font-family: arial, helvetica, sans-serif; font-size: 12pt;\">Die Nutzung von Google Maps erfolgt im Interesse einer ansprechenden Darstellung unserer Online-Angebote und an einer leichten Auffindbarkeit der von uns auf der Website angegebenen Orte. Dies stellt ein berechtigtes Interesse im Sinne von Art. 6 Abs. 1 lit. f DSGVO dar. <\/span><span style=\"font-family: arial, helvetica, sans-serif; font-size: 12pt;\">Mehr Informationen zum Umgang mit Nutzerdaten finden Sie in der Datenschutzerkl\u00e4rung von Google: <a href=\"https:\/\/www.google.de\/intl\/de\/policies\/privacy\/\" target=\"_blank\" rel=\"noopener noreferrer\">https:\/\/www.google.de\/intl\/de\/policies\/privacy\/<\/a>.<\/span><\/p>\n<p><span style=\"font-family: Arial, sans-serif; font-size: 12pt;\"><b>Newsletter-Abonnement<\/b><\/span><\/p>\n<p><span style=\"font-size: 12pt;\"><span style=\"font-family: Arial, sans-serif;\">Der Websitebetreiber bietet Ihnen einen Newsletter an, in welchem er Sie \u00fcber aktuelle Geschehnisse und Angebote informiert. M\u00f6chten Sie den Newsletter abonnieren, m\u00fcssen Sie eine valide E-Mail-Adresse angeben. Wenn Sie den Newsletter abonnieren, erkl\u00e4ren Sie sich mit dem Newsletter-Empfang und den erl\u00e4uterten Verfahren einverstanden. <\/span><span style=\"font-family: Arial, sans-serif;\">Widerruf und K\u00fcndigung: Ihre Einwilligung zum Erhalt des Newsletter k\u00f6nnen Sie jederzeit widerrufen und somit das Newsletter-Abonnement k\u00fcndigen. Nach Ihrer K\u00fcndigung erfolgt die L\u00f6schung Ihre personenbezogenen Daten. Ihre Einwilligung in den Newsletterversand erlischt gleichzeitig. Am Ende jedes Newsletters finden Sie den Link zur K\u00fcndigung.<\/span><\/span><\/p>\n<p><span style=\"font-family: Arial, sans-serif; font-size: 12pt;\"><b>Rechte des Nutzers<\/b><\/span><\/p>\n<p><span style=\"font-family: Arial, sans-serif; font-size: 12pt;\">Sie haben als Nutzer das Recht, auf Antrag eine kostenlose Auskunft dar\u00fcber zu erhalten, welche personenbezogenen Daten \u00fcber Sie gespeichert wurden. Sie haben au\u00dferdem das Recht auf Berichtigung falscher Daten und auf die Verarbeitungseinschr\u00e4nkung oder L\u00f6schung Ihrer personenbezogenen Daten. Falls zutreffend, k\u00f6nnen Sie auch Ihr Recht auf Datenportabilit\u00e4t geltend machen. Sollten Sie annehmen, dass Ihre Daten unrechtm\u00e4\u00dfig verarbeitet wurden, k\u00f6nnen Sie eine Beschwerde bei der zust\u00e4ndigen Aufsichtsbeh\u00f6rde einreichen.<\/span><\/p>\n<p><span style=\"font-family: Arial, sans-serif; font-size: 12pt;\"><b>L\u00f6schung von Daten<\/b><\/span><\/p>\n<p><span style=\"font-family: Arial, sans-serif; font-size: 12pt;\">Sofern Ihr Wunsch nicht mit einer gesetzlichen Pflicht zur Aufbewahrung von Daten (z. B. Vorratsdatenspeicherung) kollidiert, haben Sie ein Anrecht auf L\u00f6schung Ihrer Daten. Von uns gespeicherte Daten werden, sollten sie f\u00fcr ihre Zweckbestimmung nicht mehr vonn\u00f6ten sein und es keine gesetzlichen Aufbewahrungsfristen geben, gel\u00f6scht. Falls eine L\u00f6schung nicht durchgef\u00fchrt werden kann, da die Daten f\u00fcr zul\u00e4ssige gesetzliche Zwecke erforderlich sind, erfolgt eine Einschr\u00e4nkung der Datenverarbeitung. In diesem Fall werden die Daten gesperrt und nicht f\u00fcr andere Zwecke verarbeitet.<\/span><\/p>\n<h4><span style=\"font-family: Arial, sans-serif; font-size: 12pt;\">Widerspruchsrecht<\/span><\/h4>\n<p><span style=\"font-size: 12pt;\"><span style=\"font-family: Arial, sans-serif;\">Nutzer dieser Webseite k\u00f6nnen von ihrem Widerspruchsrecht Gebrauch machen und der Verarbeitung ihrer personenbezogenen Daten zu jeder Zeit widersprechen. <\/span><span style=\"font-family: Arial, sans-serif;\">Wenn Sie eine Berichtigung, Sperrung, L\u00f6schung oder Auskunft \u00fcber die zu Ihrer Person gespeicherten personenbezogenen Daten w\u00fcnschen oder Fragen bzgl. der Erhebung, Verarbeitung oder Verwendung Ihrer personenbezogenen Daten haben oder erteilte Einwilligungen widerrufen m\u00f6chten, wenden Sie sich bitte an folgende E-Mail-Adresse: webmaster@mainz-orthodoxie.de<\/span><\/span><\/p>\n","protected":false},"excerpt":{"rendered":"<p>Grundlegendes Diese Datenschutzerkl\u00e4rung soll die Nutzer dieser Website \u00fcber die Art, den Umfang und den Zweck der Erhebung und Verwendung personenbezogener Daten durch den Websitebetreiber informieren. Der Websitebetreiber nimmt Ihren Datenschutz sehr ernst und behandelt Ihre personenbezogenen Daten vertraulich und entsprechend der gesetzlichen Vorschriften. Da durch neue Technologien und die st\u00e4ndige Weiterentwicklung dieser Webseite \u00c4nderungen &hellip; <\/p>\n<p class=\"link-more\"><a href=\"https:\/\/mainz-orthodoxie.de\/en\/datenschutzerklaerung\/\" class=\"more-link\">Continue reading<span class=\"screen-reader-text\"> &#8220;Datenschutzerkl\u00e4rung&#8221;<\/span><\/a><\/p>\n","protected":false},"author":2,"featured_media":0,"parent":0,"menu_order":0,"comment_status":"closed","ping_status":"open","template":"","meta":{"ngg_post_thumbnail":0,"footnotes":""},"class_list":["post-3","page","type-page","status-publish","hentry"],"translation":{"provider":"WPGlobus","version":"3.0.2","language":"en","enabled_languages":["de","ru","en"],"languages":{"de":{"title":true,"content":true,"excerpt":false},"ru":{"title":false,"content":false,"excerpt":false},"en":{"title":false,"content":false,"excerpt":false}}},"_links":{"self":[{"href":"https:\/\/mainz-orthodoxie.de\/en\/wp-json\/wp\/v2\/pages\/3","targetHints":{"allow":["GET"]}}],"collection":[{"href":"https:\/\/mainz-orthodoxie.de\/en\/wp-json\/wp\/v2\/pages"}],"about":[{"href":"https:\/\/mainz-orthodoxie.de\/en\/wp-json\/wp\/v2\/types\/page"}],"author":[{"embeddable":true,"href":"https:\/\/mainz-orthodoxie.de\/en\/wp-json\/wp\/v2\/users\/2"}],"replies":[{"embeddable":true,"href":"https:\/\/mainz-orthodoxie.de\/en\/wp-json\/wp\/v2\/comments?post=3"}],"version-history":[{"count":6,"href":"https:\/\/mainz-orthodoxie.de\/en\/wp-json\/wp\/v2\/pages\/3\/revisions"}],"predecessor-version":[{"id":1168,"href":"https:\/\/mainz-orthodoxie.de\/en\/wp-json\/wp\/v2\/pages\/3\/revisions\/1168"}],"wp:attachment":[{"href":"https:\/\/mainz-orthodoxie.de\/en\/wp-json\/wp\/v2\/media?parent=3"}],"curies":[{"name":"wp","href":"https:\/\/api.w.org\/{rel}","templated":true}]}}