{"id":36,"date":"2019-08-20T20:32:13","date_gmt":"2019-08-20T18:32:13","guid":{"rendered":"http:\/\/neu.mainz-orthodoxie.de\/?page_id=36"},"modified":"2019-10-28T00:14:55","modified_gmt":"2019-10-27T23:14:55","slug":"ueber-uns","status":"publish","type":"page","link":"https:\/\/mainz-orthodoxie.de\/en\/ueber-uns\/","title":{"rendered":"\u00dcber uns"},"content":{"rendered":"<p>Unter dem Patrozinium des heiligen M\u00e4rtyrers Christophorus versammelt sich in Mainz eine Schar orthodoxer Christen zu den <a href=\"https:\/\/mainz-orthodoxie.de\/gottesdienstplan\/\">heiligen Diensten der Vesper und Liturgie<\/a>. Aus vielen Sprachen und vieler Herren L\u00e4nder herstammend, sind wir doch eins im Glauben und Leben in Christus, unserm Herrn.<\/p>\n<p>Seit dem Jahre 1991 hat unser Pfarrer, der Erzpriester Johannes Nothhaas, gemeinsam mit seiner Matuschka Photini und einigen unerm\u00fcdlichen Helfern die Gl\u00e4ubigen aus Mainz und Umgebung zu einer Gemeinde gesammelt. Mit wenigen Personen ging es los, heute kommen sonntags gegen drei\u00dfig bis achtzig Personen zu den Diensten, mancher dabei von weither.<\/p>\n<p>Weil wir noch kein eigenes Kirchgeb\u00e4ude haben, sind wir dankbar, da\u00df wir die <a href=\"https:\/\/mainz-orthodoxie.de\/besuch\/\">katholische Jakobuskirche in der Mainzer Oberstadt<\/a> benutzen d\u00fcrfen. Dort halten wir sonnt\u00e4glich die G\u00f6ttliche Liturgie und die Vesper am Vorabend, ebenso an den Feiertagen.<\/p>\n<p><a href=\"https:\/\/mainz-orthodoxie.de\/katechese\/\">Nach der Liturgie<\/a> bleiben wir meist noch zu Tee und Imbi\u00df zusammen, dazu gibt es in loser Reihe Vortr\u00e4ge zum Glauben, au\u00dferdem die Katechese f\u00fcr Taufbewerber. Ein Gespr\u00e4chskreis \u00fcber tiefere Fragen des geistlichen Lebens und Denkens kommt monatlich zusammen. Schlie\u00dflich halten wir Freizeiten mit Katechese und Spiel f\u00fcr die Kinder in Freizeith\u00e4usern der n\u00e4heren Umgebung.<\/p>\n<p>Unsre Gottesdienste folgen im wesentlichen dem Brauch der russischen Kirche, die Sprache unserer Gottesdienste aber ist \u00fcberwiegend das Deutsche, daneben auch das Kirchenslawische. Deutsch ist ja die gemeinsame Sprache aller hier Wohnenden; und die Kirche ist nicht zur Bewahrung nationaler Identit\u00e4ten da, sondern zum Heil und zur Genesung der Menschen; so achten wir sehr auf die Verst\u00e4ndlichkeit unserer gottesdienstlichen Feiern.<\/p>\n","protected":false},"excerpt":{"rendered":"<p>Unter dem Patrozinium des heiligen M\u00e4rtyrers Christophorus versammelt sich in Mainz eine Schar orthodoxer Christen zu den heiligen Diensten der Vesper und Liturgie. Aus vielen Sprachen und vieler Herren L\u00e4nder herstammend, sind wir doch eins im Glauben und Leben in Christus, unserm Herrn. Seit dem Jahre 1991 hat unser Pfarrer, der Erzpriester Johannes Nothhaas, gemeinsam &hellip; <\/p>\n<p class=\"link-more\"><a href=\"https:\/\/mainz-orthodoxie.de\/en\/ueber-uns\/\" class=\"more-link\">Continue reading<span class=\"screen-reader-text\"> &#8220;\u00dcber uns&#8221;<\/span><\/a><\/p>\n","protected":false},"author":2,"featured_media":0,"parent":0,"menu_order":0,"comment_status":"closed","ping_status":"closed","template":"","meta":{"ngg_post_thumbnail":0,"footnotes":""},"class_list":["post-36","page","type-page","status-publish","hentry"],"translation":{"provider":"WPGlobus","version":"3.0.2","language":"en","enabled_languages":["de","ru","en"],"languages":{"de":{"title":true,"content":true,"excerpt":false},"ru":{"title":false,"content":false,"excerpt":false},"en":{"title":false,"content":false,"excerpt":false}}},"_links":{"self":[{"href":"https:\/\/mainz-orthodoxie.de\/en\/wp-json\/wp\/v2\/pages\/36","targetHints":{"allow":["GET"]}}],"collection":[{"href":"https:\/\/mainz-orthodoxie.de\/en\/wp-json\/wp\/v2\/pages"}],"about":[{"href":"https:\/\/mainz-orthodoxie.de\/en\/wp-json\/wp\/v2\/types\/page"}],"author":[{"embeddable":true,"href":"https:\/\/mainz-orthodoxie.de\/en\/wp-json\/wp\/v2\/users\/2"}],"replies":[{"embeddable":true,"href":"https:\/\/mainz-orthodoxie.de\/en\/wp-json\/wp\/v2\/comments?post=36"}],"version-history":[{"count":4,"href":"https:\/\/mainz-orthodoxie.de\/en\/wp-json\/wp\/v2\/pages\/36\/revisions"}],"predecessor-version":[{"id":712,"href":"https:\/\/mainz-orthodoxie.de\/en\/wp-json\/wp\/v2\/pages\/36\/revisions\/712"}],"wp:attachment":[{"href":"https:\/\/mainz-orthodoxie.de\/en\/wp-json\/wp\/v2\/media?parent=36"}],"curies":[{"name":"wp","href":"https:\/\/api.w.org\/{rel}","templated":true}]}}