{"id":724,"date":"2019-10-30T17:00:35","date_gmt":"2019-10-30T16:00:35","guid":{"rendered":"https:\/\/mainz-orthodoxie.de\/?page_id=724"},"modified":"2019-10-30T17:00:35","modified_gmt":"2019-10-30T16:00:35","slug":"aussegnung-und-begraebnis-von-erzpriester-johannes","status":"publish","type":"page","link":"https:\/\/mainz-orthodoxie.de\/en\/aussegnung-und-begraebnis-von-erzpriester-johannes\/","title":{"rendered":"Aussegnung und Begr\u00e4bnis von Erzpriester Johannes"},"content":{"rendered":"<p><span lang=\"de-DE\">Aussegnung und Beerdigung von Erzpriester Johannes Nothhaas am <\/span><span lang=\"de-DE\">21. Oktober 2019 <\/span><span lang=\"de-DE\">in<\/span><span lang=\"de-DE\"> Mainz.<\/span><\/p>\n<p align=\"left\"><span lang=\"de-DE\">Am <\/span><span lang=\"de-DE\">21. Oktober 2019 <\/span><span lang=\"de-DE\">haben wir<\/span> <span lang=\"de-DE\">in der Gemeinde <\/span><span lang=\"de-DE\">des Hl. <\/span><span lang=\"de-DE\">Christoph<\/span><span lang=\"de-DE\">orus<\/span> <span lang=\"de-DE\">zu<\/span><span lang=\"de-DE\"> Mainz <\/span><span lang=\"de-DE\">die<\/span> <span lang=\"de-DE\">G<\/span><span lang=\"de-DE\">\u00f6ttliche Gedenkliturgie <\/span><span lang=\"de-DE\">und die Aussegnung <\/span><span lang=\"de-DE\">unseres<\/span> <span lang=\"de-DE\">am 14. Oktober 2019 verstorbenen <\/span><span lang=\"de-DE\">Pfarrers, des<\/span> <span lang=\"de-DE\">Erzpriesters <\/span><span lang=\"de-DE\">Johannes Noth<\/span><span lang=\"de-DE\">ha<\/span><span lang=\"de-DE\">as <\/span><span lang=\"de-DE\">gehalten<\/span><span lang=\"de-DE\">. <\/span><span lang=\"de-DE\">Nahezu<\/span><span lang=\"de-DE\"> 200 Teilnehmer aus ganz Deutschland erwiesen <\/span><span lang=\"de-DE\">in diesem<\/span><span lang=\"de-DE\"> Gottesdienst V. Johannes die letzte Ehre: <\/span><span lang=\"de-DE\">Verwandte, Freunde und Weggef\u00e4hrten, Mitkleriker und geistliche Kinder.<\/span> <span lang=\"de-DE\">Begraben haben wir seine<\/span><span lang=\"de-DE\">n<\/span><span lang=\"de-DE\"> Leib <\/span><span lang=\"de-DE\"> anschlie\u00dfend auf dem <\/span><span lang=\"de-DE\">Friedhof in <\/span><span lang=\"de-DE\">Mainz-Bretzenheim.<\/span><\/p>\n<p align=\"left\"><span lang=\"de-DE\"><br \/>\n<\/span><span lang=\"de-DE\">D<\/span><span lang=\"de-DE\">en<\/span><span lang=\"de-DE\"> Gottesdienst<\/span><span lang=\"de-DE\">e<\/span><span lang=\"de-DE\">n<\/span> <span lang=\"de-DE\">stand<\/span><span lang=\"de-DE\"> Dekan <\/span><span lang=\"de-DE\">Erzpriester<\/span><span lang=\"de-DE\"> Georg Anton<\/span><span lang=\"de-DE\">j<\/span><span lang=\"de-DE\">uk <\/span><span lang=\"de-DE\">(Berlin) <\/span><span lang=\"de-DE\">vor,<\/span><span lang=\"de-DE\"> Erzpriester Peter Stepano<\/span><span lang=\"de-DE\">w<\/span> <span lang=\"de-DE\">(N\u00fcrnberg)<\/span><span lang=\"de-DE\">, Dekan des bayerisch-hessischen Kreises, <\/span><span lang=\"de-DE\">konzelebrierte<\/span><span lang=\"de-DE\">, <\/span><span lang=\"de-DE\">ebenso <\/span><span lang=\"de-DE\">aus unserm Bistum die <\/span><span lang=\"de-DE\">Erzpriester<\/span><span lang=\"de-DE\"> Boris Ustimenko (Magdeburg), Nikolai Sudos (Frankfurt a. M.), Micha<\/span><span lang=\"de-DE\">e<\/span><span lang=\"de-DE\">l Drono<\/span><span lang=\"de-DE\">w<\/span><span lang=\"de-DE\"> (Freiburg),<\/span><span lang=\"de-DE\"> Michael<\/span><span lang=\"de-DE\"> Rahr (Weimar), <\/span><span lang=\"de-DE\">Priesterm\u00f6nch<\/span> <span lang=\"de-DE\">B<\/span><span lang=\"de-DE\">enedikt Schneider (G\u00f6ttingen), <\/span><span lang=\"de-DE\">die <\/span><span lang=\"de-DE\">Priester Georg Lang (N\u00fcrnberg), <\/span><span lang=\"de-DE\">W<\/span><span lang=\"de-DE\">ladimir Ba<\/span><span lang=\"de-DE\">j<\/span><span lang=\"de-DE\">ano<\/span><span lang=\"de-DE\">w<\/span><span lang=\"de-DE\"> (W\u00fcrzburg), Anatol<\/span><span lang=\"de-DE\">i<\/span><span lang=\"de-DE\"> Sch\u00e4fer (M\u00fcnchen<\/span><span lang=\"de-DE\">)<\/span> <span lang=\"de-DE\">und <\/span><span lang=\"de-DE\">Alexander Gugenheimer (Bad Kreuznach)<\/span> <span lang=\"de-DE\">und<\/span><span lang=\"de-DE\"> Diakon Matthias Fr\u00f6<\/span><span lang=\"de-DE\">s<\/span><span lang=\"de-DE\">e (Freiburg)<\/span><span lang=\"de-DE\">. <\/span><span lang=\"de-DE\">Die <\/span><span lang=\"de-DE\"> Erzpriester <\/span><span lang=\"de-DE\">I<\/span><span lang=\"de-DE\">o<\/span><span lang=\"de-DE\">an<\/span><span lang=\"de-DE\">n<\/span> <span lang=\"de-DE\">und<\/span><span lang=\"de-DE\"> Konstantin Grin<\/span><span lang=\"de-DE\">ts<\/span><span lang=\"de-DE\">chuk (Darmstadt)<\/span> <span lang=\"de-DE\">wie auch <\/span><span lang=\"de-DE\">P<\/span><span lang=\"de-DE\">riester Georg Poloc<\/span><span lang=\"de-DE\">z<\/span><span lang=\"de-DE\">ek (Frankfurt a. M.) von der russischen Kirche Au\u00dfer Landes, <\/span><span lang=\"de-DE\">Erzpriester Michael Buk (Albstadt) <\/span><span lang=\"de-DE\">vom westeurop\u00e4i-schen russischen Erzbistum,<\/span> <span lang=\"de-DE\">Schi-<\/span><span lang=\"de-DE\">Priesterm\u00f6nch Justin Rauer <\/span><span lang=\"de-DE\">(Unterufhausen) <\/span><span lang=\"de-DE\">und<\/span> <span lang=\"de-DE\">Erzpriester Matthias Zierenberg (Geilnau) <\/span><span lang=\"de-DE\">der serbischen Kirche<\/span><span lang=\"de-DE\">,<\/span> <span lang=\"de-DE\">Priester Stefan Anghel <\/span><span lang=\"de-DE\">(Offenbach), <\/span><span lang=\"de-DE\">Priester <\/span><span lang=\"de-DE\">Cristian Vaida (Wiesbaden)<\/span> <span lang=\"de-DE\">und V. Johannes \u00e4ltester Freund <\/span><span lang=\"de-DE\">Erzdiakon Martin Lissmann <\/span><span lang=\"de-DE\">(K\u00f6ln) <\/span><span lang=\"de-DE\">der rum\u00e4nischen Kirche.<\/span> <span lang=\"de-DE\">Weitere<\/span><span lang=\"de-DE\">r<\/span><span lang=\"de-DE\"> Klerus, darunter <\/span><span lang=\"de-DE\">Schi-<\/span><span lang=\"de-DE\">Archimandrit <\/span><span lang=\"de-DE\">Basilius Grolimund <\/span><span lang=\"de-DE\">(Geilnau),<\/span> <span lang=\"de-DE\">Erzpriester Stefan Gro<\/span><span lang=\"de-DE\">ss<\/span><span lang=\"de-DE\"> (<\/span><span lang=\"de-DE\">Bonn)<\/span> <span lang=\"de-DE\">betete mit uns,<\/span> <span lang=\"de-DE\">wie auch <\/span><span lang=\"de-DE\"> Priester Konstantin Pavlevski <\/span><span lang=\"de-DE\">(Mainz) <\/span><span lang=\"de-DE\">und weitere G\u00e4ste aus <\/span><span lang=\"de-DE\">dem Arbeitskreis Christlicher Kirchen Mainz.<\/span><\/p>\n<p><span lang=\"de-DE\">Priesterm\u00f6nch Benedikt verlas die Rede <\/span><span lang=\"de-DE\">unseres<\/span><span lang=\"de-DE\"> Erzbischofs T<\/span><span lang=\"de-DE\">y<\/span><span lang=\"de-DE\">chon, Leiters de<\/span><span lang=\"de-DE\">s Bistums<\/span><span lang=\"de-DE\"> von Berlin und Deutschland:<\/span><\/p>\n<blockquote>\n<p align=\"left\"><span lang=\"de-DE\">Im Namen des Vaters und des Sohnes und des Heiligen Geistes. <\/span><\/p>\n<p align=\"left\">Hochw\u00fcrdige V\u00e4ter, Matuschka Photini, liebe Br\u00fcder und Schwestern.<\/p>\n<p align=\"justify\"><span lang=\"de-DE\">Am 14. Oktober, just am Tage des Schutzes der Allerheiligsten Gottesgeb\u00e4rerin, vollendete der Vorsteher dieser Kirche, Erzpriester Johannes Nothhaas, seinen Lebensweg. Die Kunde vom Ableben des Pfarrers verbreitete sich noch am selben Tage innerhalb der Di\u00f6zese und vermischte die Festtagsfreude mit Trauer.<\/span><span lang=\"de-DE\">So geschieht es, dass inmitten des Alltagstrubels, zahlloser Sorgen und irdischer Gesch\u00e4ftigkeit die Nachricht vom Tode stets unerwartet kommt. Noch vor kurzem unter<\/span><span lang=\"de-DE\">redete<\/span><span lang=\"de-DE\"> sich Vater Johannes mit uns, nahm er am Leben der Gemeinde bzw. der <\/span><span lang=\"de-DE\">Eparchie<\/span><span lang=\"de-DE\"> teil, und heute, nachdem er von seinen Werken ruht, versammelt er uns an seinem Sarg, damit wir seiner gedenken und ihn so im Ged\u00e4chtnis behalten wie er war, ein Wort zu seinen Ehren sagen und um die Ruhe seiner unsterblichen Seele beten.<\/span><\/p>\n<p align=\"justify\"><span lang=\"de-DE\">Was soll ich sagen \u00fcber Vater Johannes? Was war bemerkenswert an ihm, was charakterisierte ihn so besonders? &#8211; Nach den zwei Jahren zu urteilen, in denen ich ihn pers\u00f6nlich kannte,<\/span><span lang=\"de-DE\">und aufgrund dessen, was mir <\/span><span lang=\"de-DE\">Kleriker<\/span><span lang=\"de-DE\"> und Laien \u00fcber ihn mitgeteilt ha<\/span><span lang=\"de-DE\">b<\/span><span lang=\"de-DE\">en, war er <\/span><span lang=\"de-DE\">allezeit<\/span><span lang=\"de-DE\"> gewissenhaft in der Erf\u00fcllung <\/span><span lang=\"de-DE\">seiner priesterlichen<\/span><span lang=\"de-DE\"> Pflichten. Er m\u00fchte sich <\/span><span lang=\"de-DE\">ab <\/span><span lang=\"de-DE\">um des Herrn willen, zum Ruhm der Kirche Christi und<\/span><span lang=\"de-DE\">f\u00fcr das ewige Heil. Mit gro\u00dfer Hingabe erf\u00fcllte er seinen <\/span><span lang=\"de-DE\">Hirtend<\/span><span lang=\"de-DE\">ienst in der Gemeinde, <\/span><span lang=\"de-DE\">m<\/span><span lang=\"de-DE\">it v\u00e4terlicher Liebe sorgte er sich um die ihm anvertrauten geistlichen Kinder, unterwies er sie im Glauben an Christus und lehrte <\/span><span lang=\"de-DE\">sie, <\/span><span lang=\"de-DE\">die Gebote Christi zu halten. \u00dcberhaupt war e<\/span><span lang=\"de-DE\">s sein ganzes Streben,<\/span><span lang=\"de-DE\"> jede ihm <\/span><span lang=\"de-DE\">von<\/span><span lang=\"de-DE\"> der Kirche anvertraute Aufgabe verantwortungsbewusst und gewissenhaft zu erf\u00fcllen.<\/span><\/p>\n<p align=\"justify\">\u201e<span lang=\"de-DE\">So eindrucksvoll war sein Anteil am <\/span><span lang=\"de-DE\"><i>Aufbau des Leibes Christi <\/i><\/span><span lang=\"de-DE\">(Eph. 4,12), so offensichtlich sein missionarische<\/span><span lang=\"de-DE\">s<\/span><span lang=\"de-DE\"> Werk, so eindringlich seine Predigt, dass auch nicht der geringste Zweifel daran bestehen konnte, dass Vater Johannes in all den Jahren seines Dienstes auf dem Ackerfeld Christi aus der F\u00fclle seines Herzens wirkte (s. Mt. 12,34; Lk. 6,45) \u2013 eines Herzens, das von gl\u00fchender Liebe und festem Glauben an den obersten Hirten, Christus, unseren Gott, erf\u00fcllt war, der ihn berufen hatte.\u201c &#8211; <\/span><span lang=\"de-DE\">so<\/span><span lang=\"de-DE\"> bezeugt einer seiner Mitdiener und Weggef\u00e4hrten. &#8211; <\/span><span lang=\"de-DE\">\u201eVor allem die deutschsprachigen <\/span><span lang=\"de-DE\">G<\/span><span lang=\"de-DE\">lieder der Berliner Di\u00f6zese werden Vater Johannes in dankbarer Erinnerung behalten f\u00fcr die enge Verbundenheit, die sich im gemeinsamen Einsatz f\u00fcr die deutsche Sprache im gottesdienstlichen Gebrauch der <\/span><span lang=\"de-DE\">r<\/span><span lang=\"de-DE\">ussischen Kirche in Deutschland ge\u00e4u\u00dfert hat. So viele junge Erwachsene \u2013 inzwischen l\u00e4ngst selbst Eltern orthodoxe<\/span><span lang=\"de-DE\">r<\/span><span lang=\"de-DE\"> Kinder \u2013 werden sich voller Dankbarkeit an die wunderbaren, von Vater Johannes <\/span><span lang=\"de-DE\">so wohl<\/span><span lang=\"de-DE\">organisierten Jugendfreizeiten erinnern &#8211; die im \u00fcbrigen auch eine nicht unerhebliche Rolle bei der Wiederherstellung der vormals verlorenen Einheit in der Russischen Kirche gespielt ha<\/span><span lang=\"de-DE\">b<\/span><span lang=\"de-DE\">en\u201c.<\/span><\/p>\n<p align=\"justify\"><span lang=\"de-DE\">Wir k\u00f6nnen heute nicht umhin, zu trauern und zu weinen, meine Lieben, denn wir werden Vater Johannes nicht mehr betend vor dem Altar Gottes stehen sehen, werden nicht mehr seine Unterweisungen vom Ambo vernehmen k\u00f6nnen, sind wir ferner der M\u00f6glichkeit beraubt, mit ihm zu <\/span><span lang=\"de-DE\">sprechen<\/span><span lang=\"de-DE\">. Das Wort des Menschen <\/span><span lang=\"de-DE\">vermag<\/span><span lang=\"de-DE\"> in diesen Minuten <\/span><span lang=\"de-DE\">nicht <\/span><span lang=\"de-DE\">zu <\/span><span lang=\"de-DE\">tr\u00f6sten<\/span><span lang=\"de-DE\">. Aber wir wollen nicht unser Vertrauen auf Gott verlieren,<\/span><span lang=\"de-DE\"><i> \u201eder die Toten auferweckt\u201c<\/i><\/span><span lang=\"de-DE\"> (2 Kor. 1,9). Sein Wort und Seine Gnade sind imstande, unsere Betr\u00fcbnis in Freude zu verwandeln. Vater Johannes verlie\u00df dieses vor\u00fcbergehende irdische Tr\u00e4nental im tiefen <\/span><span lang=\"de-DE\">Vertrauen<\/span><span lang=\"de-DE\"> a<\/span><span lang=\"de-DE\">uf<\/span><span lang=\"de-DE\"> den Herrn und <\/span><span lang=\"de-DE\">im Glauben <\/span><span lang=\"de-DE\">an das ewige Leben. So m\u00f6gen die folgenden Worte der Heiligen Schrift dem lieben Batjuschka sowie uns allen zum Trost gereichen:<\/span><span lang=\"de-DE\"><i> \u201eSelig die Toten, die im Herrn sterben. Sie sollen ausruhen von ihren M\u00fchen; denn ihre Werke begleiten sie\u201c<\/i><\/span><span lang=\"de-DE\"> (Offb. 14,13). Vater Johannes\u2018 Werke \u2013 das ist sein ganzes Leben, das er <\/span><span lang=\"de-DE\">v\u00f6llig<\/span><span lang=\"de-DE\"> dem Dienst an Gott und an Seiner Kirche hingegeben hat.<\/span><span lang=\"de-DE\"><i> \u201eDie Mich lieben, werde Ich lieben; die Mich ehren, werde Ich ehren\u201c<\/i><\/span><span lang=\"de-DE\"> (1 K\u00f6n. 2,30), &#8211; Spruch des Herrn.<\/span><\/p>\n<p align=\"justify\">Wollen wir Gott danken, dass Er uns solch einen Hirten gegeben hat. Und mit Demut und Folgsamkeit gegen\u00fcber dem Willen Gottes wollen nunmehr auch wir unseren Weg zur seligen Ewigkeit fortsetzen, solange wir bei Kr\u00e4ften sind und noch Atem in unserem Munde ist. Wollen wir beten f\u00fcr die Seelenruhe des Entschlafenen, dass der Herr ihn im Himmelreich zusammen mit allen Heiligen wohnen lasse.<\/p>\n<p>Und nun gebe ich dem entschlafenen Hirten gedanklich meinen letzten Kuss und sende meine Gebete f\u00fcr seine Seelenruhe empor. Es ruhe der Heimgegangene durch die Gebete der Heiligen Kirche von seinen Werken in der Hoffnung auf die Auferstehung und das ewige Leben. Amen.\u201c<\/p><\/blockquote>\nngg_shortcode_0_placeholder\n","protected":false},"excerpt":{"rendered":"<p>Aussegnung und Beerdigung von Erzpriester Johannes Nothhaas am 21. Oktober 2019 in Mainz. Am 21. Oktober 2019 haben wir in der Gemeinde des Hl. Christophorus zu Mainz die G\u00f6ttliche Gedenkliturgie und die Aussegnung unseres am 14. Oktober 2019 verstorbenen Pfarrers, des Erzpriesters Johannes Nothhaas gehalten. Nahezu 200 Teilnehmer aus ganz Deutschland erwiesen in diesem Gottesdienst &hellip; <\/p>\n<p class=\"link-more\"><a href=\"https:\/\/mainz-orthodoxie.de\/en\/aussegnung-und-begraebnis-von-erzpriester-johannes\/\" class=\"more-link\">Continue reading<span class=\"screen-reader-text\"> &#8220;Aussegnung und Begr\u00e4bnis von Erzpriester Johannes&#8221;<\/span><\/a><\/p>\n","protected":false},"author":2,"featured_media":0,"parent":0,"menu_order":0,"comment_status":"closed","ping_status":"closed","template":"","meta":{"ngg_post_thumbnail":0,"footnotes":""},"class_list":["post-724","page","type-page","status-publish","hentry"],"translation":{"provider":"WPGlobus","version":"3.0.2","language":"en","enabled_languages":["de","ru","en"],"languages":{"de":{"title":true,"content":true,"excerpt":false},"ru":{"title":false,"content":false,"excerpt":false},"en":{"title":false,"content":false,"excerpt":false}}},"_links":{"self":[{"href":"https:\/\/mainz-orthodoxie.de\/en\/wp-json\/wp\/v2\/pages\/724","targetHints":{"allow":["GET"]}}],"collection":[{"href":"https:\/\/mainz-orthodoxie.de\/en\/wp-json\/wp\/v2\/pages"}],"about":[{"href":"https:\/\/mainz-orthodoxie.de\/en\/wp-json\/wp\/v2\/types\/page"}],"author":[{"embeddable":true,"href":"https:\/\/mainz-orthodoxie.de\/en\/wp-json\/wp\/v2\/users\/2"}],"replies":[{"embeddable":true,"href":"https:\/\/mainz-orthodoxie.de\/en\/wp-json\/wp\/v2\/comments?post=724"}],"version-history":[{"count":1,"href":"https:\/\/mainz-orthodoxie.de\/en\/wp-json\/wp\/v2\/pages\/724\/revisions"}],"predecessor-version":[{"id":725,"href":"https:\/\/mainz-orthodoxie.de\/en\/wp-json\/wp\/v2\/pages\/724\/revisions\/725"}],"wp:attachment":[{"href":"https:\/\/mainz-orthodoxie.de\/en\/wp-json\/wp\/v2\/media?parent=724"}],"curies":[{"name":"wp","href":"https:\/\/api.w.org\/{rel}","templated":true}]}}