{"id":150,"date":"2019-08-23T18:03:42","date_gmt":"2019-08-23T16:03:42","guid":{"rendered":"http:\/\/neu.mainz-orthodoxie.de\/?page_id=150"},"modified":"2022-12-13T20:38:35","modified_gmt":"2022-12-13T19:38:35","slug":"spenden","status":"publish","type":"page","link":"https:\/\/mainz-orthodoxie.de\/ru\/spenden\/","title":{"rendered":"Spenden"},"content":{"rendered":"<p><strong>Wir brauchen Ihre Spende<\/strong><\/p>\n<p>Liebe Besucher, liebe Gemeindeglieder,<\/p>\n<p>unsere Gemeinde finanziert sich ausschlie\u00dflich durch Spenden und bekommt keine weitere finanzielle Unterst\u00fctzung, wie z.B. Kirchensteuer. Wir sind dankbar f\u00fcr jede Hilfe, die Sie uns zukommen lassen. Wenn Sie etwas zum Aufbau unserer Gemeinde beitragen m\u00f6chten, sind wir Ihnen sehr dankbar! Gott vergelts!<\/p>\n<p><strong>Unsere Kontodaten:<\/strong><\/p>\n<p>Bitte spenden Sie \u00fcber unseren Kirchbauverein. Dieser ist als gemeinn\u00fctzig anerkannt und kann Spendenquittungen ausstellen. Weitere Informationen finden Sie auf der Homepage des Vereins <a href=\"https:\/\/www.mainzer-kirchbau.de\">www.mainzer-kirchbau.de<\/a><\/p>\n<p>Mainzer Orthodoxer Kirchbauverein des Hl Basilius des Gro\u00dfen e.V.<br \/>\nIBAN DE11551900000833259013<br \/>\nBIC: MVBMDE55<\/p>\n<p>&nbsp;<\/p>\n","protected":false},"excerpt":{"rendered":"<p>Wir brauchen Ihre Spende Liebe Besucher, liebe Gemeindeglieder, unsere Gemeinde finanziert sich ausschlie\u00dflich durch Spenden und bekommt keine weitere finanzielle Unterst\u00fctzung, wie z.B. Kirchensteuer. Wir sind dankbar f\u00fcr jede Hilfe, die Sie uns zukommen lassen. Wenn Sie etwas zum Aufbau unserer Gemeinde beitragen m\u00f6chten, sind wir Ihnen sehr dankbar! Gott vergelts! Unsere Kontodaten: Bitte spenden &hellip; <\/p>\n<p class=\"link-more\"><a href=\"https:\/\/mainz-orthodoxie.de\/ru\/spenden\/\" class=\"more-link\">Continue reading<span class=\"screen-reader-text\"> &#8220;Spenden&#8221;<\/span><\/a><\/p>\n","protected":false},"author":2,"featured_media":0,"parent":0,"menu_order":0,"comment_status":"closed","ping_status":"closed","template":"","meta":{"ngg_post_thumbnail":0,"footnotes":""},"class_list":["post-150","page","type-page","status-publish","hentry"],"translation":{"provider":"WPGlobus","version":"3.0.2","language":"ru","enabled_languages":["de","ru","en"],"languages":{"de":{"title":true,"content":true,"excerpt":false},"ru":{"title":false,"content":false,"excerpt":false},"en":{"title":false,"content":false,"excerpt":false}}},"_links":{"self":[{"href":"https:\/\/mainz-orthodoxie.de\/ru\/wp-json\/wp\/v2\/pages\/150","targetHints":{"allow":["GET"]}}],"collection":[{"href":"https:\/\/mainz-orthodoxie.de\/ru\/wp-json\/wp\/v2\/pages"}],"about":[{"href":"https:\/\/mainz-orthodoxie.de\/ru\/wp-json\/wp\/v2\/types\/page"}],"author":[{"embeddable":true,"href":"https:\/\/mainz-orthodoxie.de\/ru\/wp-json\/wp\/v2\/users\/2"}],"replies":[{"embeddable":true,"href":"https:\/\/mainz-orthodoxie.de\/ru\/wp-json\/wp\/v2\/comments?post=150"}],"version-history":[{"count":6,"href":"https:\/\/mainz-orthodoxie.de\/ru\/wp-json\/wp\/v2\/pages\/150\/revisions"}],"predecessor-version":[{"id":1895,"href":"https:\/\/mainz-orthodoxie.de\/ru\/wp-json\/wp\/v2\/pages\/150\/revisions\/1895"}],"wp:attachment":[{"href":"https:\/\/mainz-orthodoxie.de\/ru\/wp-json\/wp\/v2\/media?parent=150"}],"curies":[{"name":"wp","href":"https:\/\/api.w.org\/{rel}","templated":true}]}}