{"id":153,"date":"2019-08-23T18:06:38","date_gmt":"2019-08-23T16:06:38","guid":{"rendered":"http:\/\/neu.mainz-orthodoxie.de\/?page_id=153"},"modified":"2022-09-02T18:31:26","modified_gmt":"2022-09-02T16:31:26","slug":"katechese","status":"publish","type":"page","link":"https:\/\/mainz-orthodoxie.de\/ru\/katechese\/","title":{"rendered":"Katechese"},"content":{"rendered":"<p><strong>Katechese<\/strong>&nbsp;<strong>&#8211; Sonntagsschule<\/strong><\/p>\n<p>Je nach Alter oder Interesse gibt es verschiedene Katechese-Gruppen:<\/p>\n<p><strong>Katechese f\u00fcr Erwachsenentaufen<\/strong>: Regelm\u00e4\u00dfig wird eine Erwachsenenkatechese angeboten, die auf die Taufe vorbereitet. Die Termine werden mit Vater Matthias direkt abgesprochen.<\/p>\n<p><strong>Katechese f\u00fcr die Taufe eines Kindes:&nbsp;<\/strong>Auch f\u00fcr die Eltern, die ein Kind taufen lassen wollen, wird Katechese angeboten. Je nach Bedarf k\u00f6nnen die Termine mit Vater Matthias abgesprochen werden.<\/p>\n<p><strong>Katechese f\u00fcr Kinder:<\/strong> Regelm\u00e4\u00dfig wird Sonntags w\u00e4hrend oder nach der Liturgie eine kurze Kinderkatechese gehalten. Eine Anmeldung ist nicht n\u00f6tig, Sie k\u00f6nnen gerne ihr Kind einfach zur Katechese bringen. Wir freuen uns \u00fcber eine rege Teilnahme.<\/p>\n<p><strong>Katechese f\u00fcr Jugendliche:<\/strong>&nbsp;Nach Bedarf wird f\u00fcr die Jungend unserer Gemeinde eine Katechese ebenfalls nach der Liturgie am Sonntag gehalten. Auch hier ist jeder herzlich eingeladen!<\/p>\n","protected":false},"excerpt":{"rendered":"<p>Katechese&nbsp;&#8211; Sonntagsschule Je nach Alter oder Interesse gibt es verschiedene Katechese-Gruppen: Katechese f\u00fcr Erwachsenentaufen: Regelm\u00e4\u00dfig wird eine Erwachsenenkatechese angeboten, die auf die Taufe vorbereitet. Die Termine werden mit Vater Matthias direkt abgesprochen. Katechese f\u00fcr die Taufe eines Kindes:&nbsp;Auch f\u00fcr die Eltern, die ein Kind taufen lassen wollen, wird Katechese angeboten. Je nach Bedarf k\u00f6nnen die &hellip; <\/p>\n<p class=\"link-more\"><a href=\"https:\/\/mainz-orthodoxie.de\/ru\/katechese\/\" class=\"more-link\">Continue reading<span class=\"screen-reader-text\"> &#8220;Katechese&#8221;<\/span><\/a><\/p>\n","protected":false},"author":2,"featured_media":0,"parent":0,"menu_order":0,"comment_status":"closed","ping_status":"closed","template":"","meta":{"ngg_post_thumbnail":0,"footnotes":""},"class_list":["post-153","page","type-page","status-publish","hentry"],"translation":{"provider":"WPGlobus","version":"3.0.2","language":"ru","enabled_languages":["de","ru","en"],"languages":{"de":{"title":true,"content":true,"excerpt":false},"ru":{"title":false,"content":false,"excerpt":false},"en":{"title":false,"content":false,"excerpt":false}}},"_links":{"self":[{"href":"https:\/\/mainz-orthodoxie.de\/ru\/wp-json\/wp\/v2\/pages\/153","targetHints":{"allow":["GET"]}}],"collection":[{"href":"https:\/\/mainz-orthodoxie.de\/ru\/wp-json\/wp\/v2\/pages"}],"about":[{"href":"https:\/\/mainz-orthodoxie.de\/ru\/wp-json\/wp\/v2\/types\/page"}],"author":[{"embeddable":true,"href":"https:\/\/mainz-orthodoxie.de\/ru\/wp-json\/wp\/v2\/users\/2"}],"replies":[{"embeddable":true,"href":"https:\/\/mainz-orthodoxie.de\/ru\/wp-json\/wp\/v2\/comments?post=153"}],"version-history":[{"count":4,"href":"https:\/\/mainz-orthodoxie.de\/ru\/wp-json\/wp\/v2\/pages\/153\/revisions"}],"predecessor-version":[{"id":1887,"href":"https:\/\/mainz-orthodoxie.de\/ru\/wp-json\/wp\/v2\/pages\/153\/revisions\/1887"}],"wp:attachment":[{"href":"https:\/\/mainz-orthodoxie.de\/ru\/wp-json\/wp\/v2\/media?parent=153"}],"curies":[{"name":"wp","href":"https:\/\/api.w.org\/{rel}","templated":true}]}}