{"id":1544,"date":"2022-02-28T02:34:12","date_gmt":"2022-02-28T01:34:12","guid":{"rendered":"https:\/\/mainz-orthodoxie.de\/?page_id=1544"},"modified":"2022-03-28T00:42:56","modified_gmt":"2022-03-27T22:42:56","slug":"start","status":"publish","type":"page","link":"https:\/\/mainz-orthodoxie.de\/ru\/","title":{"rendered":""},"content":{"rendered":"<p><span style=\"color: #333333;\">Herzlich Willkommen auf der Internetseite der deutschsprachigen Orthodoxen Gemeinde des Hl Christophorus, Mainz. Auf diesen Seiten finden Sie Informationen <a href=\"https:\/\/mainz-orthodoxie.de\/ueber-uns\/\">\u00fcber uns<\/a>, <a href=\"https:\/\/mainz-orthodoxie.de\/was-ist-orthodoxie\/\"> unseren Glauben<\/a> und unsere aktuellen Gottesdienste. Wir freuen uns, Sie bei uns einmal im <a href=\"https:\/\/mainz-orthodoxie.de\/gottesdienstplan\/\">Gottesdienst<\/a> zu begr\u00fc\u00dfen.<br>Die Predigt vom Sonntag k\u00f6nnen Sie auch <a href=\"https:\/\/www.youtube.com\/channel\/UCppJhqwV2eRb46knoMcGXvA\" target=\"_blank\" rel=\"noopener\">auf unserem YouTube Kanal<\/a> ansehen.<\/span><\/p>\r\n<p style=\"text-align: right;\"><em><span style=\"color: #333333;\">\u041d\u0430\u0448 \u0441\u0430\u0439\u0442 \u043d\u0430 \u0440\u0443\u0441\u0441\u043a\u043e\u043c \u044f\u0437\u044b\u043a\u0435: <\/span><a href=\"https:\/\/mainz-orthodoxie.de\/ru\/\">\u0421\u0441\u044b\u043b\u043a\u0430<\/a><\/em><\/p>\r\n<hr>\r\n<div class=\"wp-block-columns is-layout-flex wp-container-core-columns-is-layout-9d6595d7 wp-block-columns-is-layout-flex\">\r\n<div class=\"wp-block-column is-layout-flow wp-block-column-is-layout-flow\" style=\"flex-basis: 66.66%;\">\r\n<div class=\"wp-block-query is-layout-flow wp-block-query-is-layout-flow\"><ul class=\"wp-block-post-template is-layout-flow wp-block-post-template-is-layout-flow\"><li class=\"wp-block-post post-2317 post type-post status-publish format-standard hentry category-allgemein\">\r\n\r\n<h2 style=\"color:#990c05; font-style:normal;font-weight:500;\" class=\"has-text-align-center beitragstitel wp-block-post-title has-text-color has-medium-font-size\"><a href=\"https:\/\/mainz-orthodoxie.de\/ru\/2026\/03\/fest-der-kreuzerhoehung-prozession-in-mainz-und-kreuzverehrung-in-limburg\/\" target=\"_self\" >Fest der Kreuzerh\u00f6hung \u2013 Prozession in Mainz und Kreuzverehrung in Limburg<\/a><\/h2>\r\n\r\n<div class=\"wp-block-post-date\"><time datetime=\"2026-03-16T17:53:23+01:00\">16. March 2026<\/time><\/div>\r\n\r\n\r\n<p>&nbsp;<\/p>\r\n\r\n\r\n<div class=\"entry-content wp-block-post-content is-layout-flow wp-block-post-content-is-layout-flow\"><p>Am Fest der <strong>Kreuzerh\u00f6hung<\/strong> versammelte sich die Gemeinde des heiligen Christophorus in Mainz, um dieses Fest gemeinsam zu feiern.<\/p>\n<p><strong>Feier in der Gemeinde<\/strong><\/p>\n<hr>\n<p><img loading=\"lazy\" decoding=\"async\" class=\"wp-image-2326 size-large alignnone\" src=\"https:\/\/mainz-orthodoxie.de\/wp-content\/uploads\/2026\/03\/Mainz-1024x768.jpg\" alt=\"\" width=\"525\" height=\"394\" srcset=\"https:\/\/mainz-orthodoxie.de\/wp-content\/uploads\/2026\/03\/Mainz-1024x768.jpg 1024w, https:\/\/mainz-orthodoxie.de\/wp-content\/uploads\/2026\/03\/Mainz-300x225.jpg 300w, https:\/\/mainz-orthodoxie.de\/wp-content\/uploads\/2026\/03\/Mainz-768x576.jpg 768w, https:\/\/mainz-orthodoxie.de\/wp-content\/uploads\/2026\/03\/Mainz-1536x1152.jpg 1536w, https:\/\/mainz-orthodoxie.de\/wp-content\/uploads\/2026\/03\/Mainz.jpg 2048w\" sizes=\"auto, (max-width: 525px) 100vw, 525px\" \/><\/p>\n<p>Das Fest begann mit der G\u00f6ttlichen Liturgie. Im sp\u00e4teren Teil der Liturgie fand eine feierliche Prozession mit dem Heiligen Kreuz statt. Gemeinsam zog die Gemeinde im Gebet um die Kirche. Die Prozession erinnert daran, dass das Kreuz Christi das Zentrum unseres Lebens als Christen ist.<\/p>\n<p>Nach der Prozession wurde das Heilige Kreuz in die Mitte der Kirche gestellt, damit die Gl\u00e4ubigen sich im Gebet vor dem Zeichen unseres Heils und des Sieges verneigen und es ehrf\u00fcrchtig verehren konnten.<\/p>\n<p>Viele Gemeindemitglieder nahmen an dieser Prozession teil und brachten ihre Dankbarkeit und Verehrung gegen\u00fcber dem lebensspendenden Kreuz unseres Herrn zum Ausdruck.<\/p>\n<p><strong>Kreuzverehrung mit Reliquien des Heiligen Kreuzes in Limburg<\/strong><\/p>\n<hr>\n<p><img loading=\"lazy\" decoding=\"async\" class=\"alignnone wp-image-2325 size-large\" src=\"https:\/\/mainz-orthodoxie.de\/wp-content\/uploads\/2026\/03\/Limburg-1024x685.jpg\" alt=\"\" width=\"525\" height=\"351\" srcset=\"https:\/\/mainz-orthodoxie.de\/wp-content\/uploads\/2026\/03\/Limburg-1024x685.jpg 1024w, https:\/\/mainz-orthodoxie.de\/wp-content\/uploads\/2026\/03\/Limburg-300x201.jpg 300w, https:\/\/mainz-orthodoxie.de\/wp-content\/uploads\/2026\/03\/Limburg-768x514.jpg 768w, https:\/\/mainz-orthodoxie.de\/wp-content\/uploads\/2026\/03\/Limburg-1536x1028.jpg 1536w, https:\/\/mainz-orthodoxie.de\/wp-content\/uploads\/2026\/03\/Limburg.jpg 1683w\" sizes=\"auto, (max-width: 525px) 100vw, 525px\" \/><\/p>\n<p>Am selben Tag machten sich <strong>ein Teil unserer Gemeinde<\/strong> auf den Weg nach <strong>Limburg an der Lahn<\/strong>, um dort an einer besonderen Feier teilzunehmen.<\/p>\n<p>Im <strong>Limburger Dom<\/strong> wurde eine feierliche Kreuzverehrung gehalten, bei der die Gl\u00e4ubigen die M\u00f6glichkeit hatten, <strong>Reliquien des Heiligen und Lebensspendenden Kreuzes unseres Herrn<\/strong> zu verehren.<\/p>\n<p>Die Begegnung mit einer solchen Reliquie ist f\u00fcr viele Gl\u00e4ubige ein besonders bewegender Moment, da sie uns auf einzigartige Weise mit dem Erl\u00f6sungswerk Christi verbindet.<\/p>\n<p>&nbsp;So konnte dieses gro\u00dfe Fest auf zweifache Weise gefeiert werden:<br \/>\nin der <strong>gemeinsamen Feier vor Ort in Mainz<\/strong> und in der <strong>Teilnahme an der Kreuzverehrung in Limburg<\/strong>.<\/p>\n<p>Wir danken Gott f\u00fcr diese gesegneten Begegnungen und f\u00fcr die M\u00f6glichkeit, unseren Glauben gemeinsam zu leben.<\/p>\nngg_shortcode_0_placeholder\n<\/div>\r\n\r\n<hr class=\"wp-block-separator beitragstrenner is-style-dots\"><\/li><li class=\"wp-block-post post-2309 post type-post status-publish format-standard hentry category-allgemein\">\r\n\r\n<h2 style=\"color:#990c05; font-style:normal;font-weight:500;\" class=\"has-text-align-center beitragstitel wp-block-post-title has-text-color has-medium-font-size\"><a href=\"https:\/\/mainz-orthodoxie.de\/ru\/2026\/03\/gottesdienstplan-april-juni-2026\/\" target=\"_self\" >Gottesdienstplan April-Juni 2026<\/a><\/h2>\r\n\r\n<div class=\"wp-block-post-date\"><time datetime=\"2026-03-13T17:14:50+01:00\">13. March 2026<\/time><\/div>\r\n\r\n\r\n<p>&nbsp;<\/p>\r\n\r\n\r\n<div class=\"entry-content wp-block-post-content is-layout-flow wp-block-post-content-is-layout-flow\"><p><img loading=\"lazy\" decoding=\"async\" src=\"https:\/\/mainz-orthodoxie.de\/wp-content\/uploads\/2025\/01\/2RP_1522-200x300.jpg\" alt=\"\" width=\"200\" height=\"300\" class=\"alignleft size-medium wp-image-2161\" srcset=\"https:\/\/mainz-orthodoxie.de\/wp-content\/uploads\/2025\/01\/2RP_1522-200x300.jpg 200w, https:\/\/mainz-orthodoxie.de\/wp-content\/uploads\/2025\/01\/2RP_1522-684x1024.jpg 684w, https:\/\/mainz-orthodoxie.de\/wp-content\/uploads\/2025\/01\/2RP_1522-768x1150.jpg 768w, https:\/\/mainz-orthodoxie.de\/wp-content\/uploads\/2025\/01\/2RP_1522-1025x1536.jpg 1025w, https:\/\/mainz-orthodoxie.de\/wp-content\/uploads\/2025\/01\/2RP_1522-1367x2048.jpg 1367w, https:\/\/mainz-orthodoxie.de\/wp-content\/uploads\/2025\/01\/2RP_1522-scaled.jpg 1709w\" sizes=\"auto, (max-width: 200px) 100vw, 200px\" \/>Der neue Gottesdienstplan kann nun <a href=\"https:\/\/mainz-orthodoxie.de\/wp-content\/uploads\/2026\/03\/Gottesdienstplan_Apr-Juni-2026.pdf\">hier<\/a> heruntergeladen werden. Bitte beachten sie besonders die Gottesdienste in der Hohen Woche:<\/p>\n<p> <a href=\"https:\/\/mainz-orthodoxie.de\/ru\/2026\/03\/gottesdienstplan-april-juni-2026\/#more-2309\" class=\"more-link\"><span aria-label=\"Continue reading Gottesdienstplan April-Juni 2026\">(more&hellip;)<\/span><\/a><\/p>\n<\/div>\r\n\r\n<hr class=\"wp-block-separator beitragstrenner is-style-dots\"><\/li><li class=\"wp-block-post post-2220 post type-post status-publish format-standard hentry category-allgemein\">\r\n\r\n<h2 style=\"color:#990c05; font-style:normal;font-weight:500;\" class=\"has-text-align-center beitragstitel wp-block-post-title has-text-color has-medium-font-size\"><a href=\"https:\/\/mainz-orthodoxie.de\/ru\/2026\/03\/priesterweihe-unseres-neuen-priesters-andrej-guva\/\" target=\"_self\" >Priesterweihe unseres neuen Priesters Andrej Guva<\/a><\/h2>\r\n\r\n<div class=\"wp-block-post-date\"><time datetime=\"2026-03-03T22:40:24+01:00\">3. March 2026<\/time><\/div>\r\n\r\n\r\n<p>&nbsp;<\/p>\r\n\r\n\r\n<div class=\"entry-content wp-block-post-content is-layout-flow wp-block-post-content-is-layout-flow\"><p><img loading=\"lazy\" decoding=\"async\" class=\"aligncenter wp-image-2240 size-large\" src=\"https:\/\/mainz-orthodoxie.de\/wp-content\/uploads\/2026\/02\/Priesterweihe-1024x1024.jpeg\" alt=\"\" width=\"525\" height=\"525\" srcset=\"https:\/\/mainz-orthodoxie.de\/wp-content\/uploads\/2026\/02\/Priesterweihe-1024x1024.jpeg 1024w, https:\/\/mainz-orthodoxie.de\/wp-content\/uploads\/2026\/02\/Priesterweihe-300x300.jpeg 300w, https:\/\/mainz-orthodoxie.de\/wp-content\/uploads\/2026\/02\/Priesterweihe-150x150.jpeg 150w, https:\/\/mainz-orthodoxie.de\/wp-content\/uploads\/2026\/02\/Priesterweihe-768x768.jpeg 768w, https:\/\/mainz-orthodoxie.de\/wp-content\/uploads\/2026\/02\/Priesterweihe-100x100.jpeg 100w, https:\/\/mainz-orthodoxie.de\/wp-content\/uploads\/2026\/02\/Priesterweihe.jpeg 1496w\" sizes=\"auto, (max-width: 525px) 100vw, 525px\" \/><\/p>\n<p data-start=\"42\" data-end=\"229\">Am 4. Dezember 2025, dem Fest des <strong data-start=\"76\" data-end=\"133\">Einzugs der Allheiligen Gottesgeb\u00e4rerin in den Tempel<\/strong>, wurde in der <span class=\"hover:entity-accent entity-underline inline cursor-pointer align-baseline\"><span class=\"whitespace-normal\">Kathedrale der Auferstehung Christi in Berlin<\/span><\/span> ein gro\u00dfes geistliches Ereignis gefeiert:<\/p>\n<p data-start=\"231\" data-end=\"424\">Seine Eminenz <span class=\"hover:entity-accent entity-underline inline cursor-pointer align-baseline\"><span class=\"whitespace-normal\">Tichon von Ruza<\/span><\/span> zelebrierte an diesem Festtag die G\u00f6ttliche Liturgie und vollzog im Rahmen des Gottesdienstes die Priesterweihe von <strong data-start=\"399\" data-end=\"423\">Priester Andrej Guva<\/strong>.<\/p>\n<h2 data-start=\"431\" data-end=\"470\">Ein Festtag der Hingabe und Berufung<\/h2>\n<p data-start=\"472\" data-end=\"797\">Das Fest des Einzugs der Allheiligen Gottesgeb\u00e4rerin in den Tempel erinnert an die Darbringung der dreij\u00e4hrigen Jungfrau Maria durch ihre frommen Eltern Joachim und Anna im Tempel von Jerusalem. Von fr\u00fcher Kindheit an wird sie ganz dem Herrn geweiht und tritt \u2013 vom Hohepriester empfangen \u2013 sogar in das Allerheiligste ein.<\/p>\n<p data-start=\"799\" data-end=\"926\">Dieses Ereignis ist ein lebendiges Bild vollkommener Hingabe, reiner Gebetsgemeinschaft und vertrauensvollen Dienstes vor Gott.<\/p>\n<p data-start=\"928\" data-end=\"1141\">Gerade an diesem Festtag durfte auch <strong data-start=\"965\" data-end=\"989\">Priester Andrej Guva<\/strong> seine Berufung auf neue Weise bekr\u00e4ftigen: Durch die Priesterweihe wurde er zum Dienst am heiligen Altar und zum Hirtendienst an der Gemeinde bestellt.<\/p>\n<p> <a href=\"https:\/\/mainz-orthodoxie.de\/ru\/2026\/03\/priesterweihe-unseres-neuen-priesters-andrej-guva\/#more-2220\" class=\"more-link\"><span aria-label=\"Continue reading Priesterweihe unseres neuen Priesters Andrej Guva\">(more&hellip;)<\/span><\/a><\/p>\n<\/div>\r\n\r\n<hr class=\"wp-block-separator beitragstrenner is-style-dots\"><\/li><\/ul>\r\n\r\n<nav class=\"wp-block-query-pagination is-layout-flex wp-block-query-pagination-is-layout-flex\" aria-label=\"Pagination\">\r\n\r\n\r\n\r\n<div class=\"wp-block-query-pagination-numbers\"><span aria-current=\"page\" class=\"page-numbers current\">1<\/span>\n<a class=\"page-numbers\" href=\"?query-8-page=2\">2<\/a>\n<a class=\"page-numbers\" href=\"?query-8-page=3\">3<\/a>\n<a class=\"page-numbers\" href=\"?query-8-page=4\">4<\/a><\/div>\r\n\r\n<a href=\"\/ru\/wp-json\/wp\/v2\/pages\/1544?query-8-page=2\" class=\"wp-block-query-pagination-next\">Next Page<\/a><\/nav><\/div>\r\n<\/div>\r\n\r\n\r\n\r\n<div class=\"wp-block-column is-layout-flow wp-block-column-is-layout-flow\">&nbsp;<\/div>\r\n\r\n\r\n\r\n<div class=\"wp-block-column sidebar is-layout-flow wp-block-column-is-layout-flow\" style=\"flex-basis: 33.33%;\">\r\n<figure class=\"wp-block-image size-medium is-resized sidebar_image is-style-default img-shadow img-radius07\"><img decoding=\"async\" class=\"wp-image-1291\" src=\"https:\/\/mainz-orthodoxie.de\/wp-content\/uploads\/2021\/03\/Mainzer_Heilige-2-230x300.jpg\" alt=\"\" width=\"205\" srcset=\"https:\/\/mainz-orthodoxie.de\/wp-content\/uploads\/2021\/03\/Mainzer_Heilige-2-230x300.jpg 230w, https:\/\/mainz-orthodoxie.de\/wp-content\/uploads\/2021\/03\/Mainzer_Heilige-2-785x1024.jpg 785w, https:\/\/mainz-orthodoxie.de\/wp-content\/uploads\/2021\/03\/Mainzer_Heilige-2-768x1002.jpg 768w, https:\/\/mainz-orthodoxie.de\/wp-content\/uploads\/2021\/03\/Mainzer_Heilige-2-1177x1536.jpg 1177w, https:\/\/mainz-orthodoxie.de\/wp-content\/uploads\/2021\/03\/Mainzer_Heilige-2-1569x2048.jpg 1569w, https:\/\/mainz-orthodoxie.de\/wp-content\/uploads\/2021\/03\/Mainzer_Heilige-2-scaled.jpg 1961w\" sizes=\"(max-width: 230px) 100vw, 230px\" \/><\/figure>\r\n\r\n\r\n\r\n<p style=\"font-size: 15px;\"><strong><span class=\"tadv-color\" style=\"color: #bc3838;\">Tropar der Mainzer Heiligen<\/span><\/strong> <span class=\"tadv-color\" style=\"color: #b5b5b5;\">(4. Ton)<\/span><\/p>\r\n\r\n\r\n\r\n<p class=\"has-small-font-size\" style=\"font-style: normal; font-weight: 400;\">All die Heiligen la\u00dft uns heute ehren, \/ <br>die in unsrer Stadt gleich Sternen erstrahlt,\/ die uns den rechten Glauben gebracht, \/ recht verwaltet haben das Wort der Wahrheit. \/ Eine Zier der Kirche wird das Leiden derer, \/ die zu Mainz eine heilige Herde versammelten. \/ Zu ihnen lasset uns rufen: <span class=\"tadv-background-color\" style=\"background-color: #ffffff;\">\/<\/span> Bittet den Herrn Himmels und der Erde, \/\/ da\u00df er sich unsrer Seelen erbarme.<\/p>\r\n<\/div>\r\n<\/div>\r\n","protected":false},"excerpt":{"rendered":"<p>Herzlich Willkommen auf der Internetseite der deutschsprachigen Orthodoxen Gemeinde des Hl Christophorus, Mainz. Auf diesen Seiten finden Sie Informationen \u00fcber uns, unseren Glauben und unsere aktuellen Gottesdienste. Wir freuen uns, Sie bei uns einmal im Gottesdienst zu begr\u00fc\u00dfen.Die Predigt vom Sonntag k\u00f6nnen Sie auch auf unserem YouTube Kanal ansehen. \u041d\u0430\u0448 \u0441\u0430\u0439\u0442 \u043d\u0430 \u0440\u0443\u0441\u0441\u043a\u043e\u043c \u044f\u0437\u044b\u043a\u0435: \u0421\u0441\u044b\u043b\u043a\u0430 &hellip; <\/p>\n<p class=\"link-more\"><a href=\"https:\/\/mainz-orthodoxie.de\/ru\/\" class=\"more-link\">Continue reading<span class=\"screen-reader-text\"> &#8220;&#8221;<\/span><\/a><\/p>\n","protected":false},"author":4,"featured_media":0,"parent":0,"menu_order":0,"comment_status":"closed","ping_status":"closed","template":"","meta":{"ngg_post_thumbnail":0,"footnotes":""},"class_list":["post-1544","page","type-page","status-publish","hentry"],"translation":{"provider":"WPGlobus","version":"3.0.2","language":"ru","enabled_languages":["de","ru","en"],"languages":{"de":{"title":false,"content":true,"excerpt":false},"ru":{"title":false,"content":false,"excerpt":false},"en":{"title":false,"content":false,"excerpt":false}}},"_links":{"self":[{"href":"https:\/\/mainz-orthodoxie.de\/ru\/wp-json\/wp\/v2\/pages\/1544","targetHints":{"allow":["GET"]}}],"collection":[{"href":"https:\/\/mainz-orthodoxie.de\/ru\/wp-json\/wp\/v2\/pages"}],"about":[{"href":"https:\/\/mainz-orthodoxie.de\/ru\/wp-json\/wp\/v2\/types\/page"}],"author":[{"embeddable":true,"href":"https:\/\/mainz-orthodoxie.de\/ru\/wp-json\/wp\/v2\/users\/4"}],"replies":[{"embeddable":true,"href":"https:\/\/mainz-orthodoxie.de\/ru\/wp-json\/wp\/v2\/comments?post=1544"}],"version-history":[{"count":49,"href":"https:\/\/mainz-orthodoxie.de\/ru\/wp-json\/wp\/v2\/pages\/1544\/revisions"}],"predecessor-version":[{"id":2302,"href":"https:\/\/mainz-orthodoxie.de\/ru\/wp-json\/wp\/v2\/pages\/1544\/revisions\/2302"}],"wp:attachment":[{"href":"https:\/\/mainz-orthodoxie.de\/ru\/wp-json\/wp\/v2\/media?parent=1544"}],"curies":[{"name":"wp","href":"https:\/\/api.w.org\/{rel}","templated":true}]}}