{"id":39,"date":"2019-08-20T20:32:36","date_gmt":"2019-08-20T18:32:36","guid":{"rendered":"http:\/\/neu.mainz-orthodoxie.de\/?page_id=39"},"modified":"2019-11-24T21:24:34","modified_gmt":"2019-11-24T20:24:34","slug":"was-ist-orthodoxie","status":"publish","type":"page","link":"https:\/\/mainz-orthodoxie.de\/ru\/was-ist-orthodoxie\/","title":{"rendered":"Was ist Orthodoxie?"},"content":{"rendered":"<p align=\"justify\">Im Glaubensbekenntnis bekennen wir die <i>eine heilige katholische uns apostolische Kirche<\/i>. Nun \u2013 das tun andere Gemeinschaften auch \u2013 was ist also Besonderes an der unseren?<\/p>\n<p align=\"justify\">Unser Herr hat den Aposteln aufgetragen, das Evangelium aller Welt zu verk\u00fcndigen und alle V\u00f6lker zum Gehorsam unter das Evangelium zu rufen. Seit den Zeiten der Apostel hat sich die Kirche ausgebreitet, zun\u00e4chst \u00fcber das r\u00f6mische Reichsgebiet, bald auch dar\u00fcber hinaus in alle Welt in viele Sprachen und Kulturen. Immer aber war das Bestreben, \u00fcber alle menschlichen Unterschiede hinweg <i>eine<\/i> Kirche zu sein und zu bleiben. Diese eine Kirche ist aber seit Anbeginn eine Gemeinschaft von Kirchen der verschiedenen Landschaften in br\u00fcderlicher Verbundenheit, ohne da\u00df die eine Herrin des Glaubens der anderen w\u00e4re. So gliedert sich die orthodoxe Kirche bis heute in eine F\u00fclle von \u00f6rtlichen Kirchen mit je eigenem Gesicht, entsprechend den Notwendigkeiten und Umst\u00e4nden ihres Landes und der heimatlichen Kultur.<\/p>\n<p align=\"justify\">Eines aber sind wir im Glauben: an die Sch\u00f6pfung der Welt durch den Vater, ihre Erl\u00f6sung durch den Gottessohn, das kommende Gottesreich, an dem wir hier und jetzt in der Eucharistie und den anderen Mysterien schon teilhaben, an die Berufung eines jeden zur Heiligung und Verg\u00f6ttlichung im heiligen Geist.<\/p>\n<p align=\"justify\">Einen langen Weg hat die Kirche schon hinter sich, und so sch\u00f6pfen wir dankbar aus den Sch\u00e4tzen, die die V\u00e4ter uns \u00fcberliefert haben. Dennoch ist der Blick des Christen nicht r\u00fcckw\u00e4rts gerichtet, sondern auf das Kommende: das Gottesreich, zu dem wir berufen sind; denn Christus ist ja jetzt und hier unser Herr und ruft uns in seinen Dienst.<\/p>\n<p align=\"justify\">So wissen wir uns in der lebendigen Tradition des Glaubens der V\u00e4ter.<\/p>\n<p align=\"justify\">Ist so etwas nicht schrecklich unmodern? Das ist es gewi\u00df \u2013 Modernit\u00e4t ist auch keine Frage, wenns um das Heil geht. Viel wichtiger ist die Frage nach der Wirklichkeit: der Wirklichkeit Gottes und der des Menschen. Und dar\u00fcber finden wir bei den V\u00e4tern dieselben Antworten, die wir bei unserm Herrn und bei den Aposteln finden.<\/p>\n<p align=\"justify\">Jede Zeit stellt ihre Fragen, auch die unsere. So ist es Aufgabe der Kirche, die Fragen der Zeit zu beantworten, so da\u00df sie verstanden wird. Orthodoxie ist nicht das Wiederholen von Antworten von gestern auf Fragen von gestern, sondern das immer neue Antworten auf das Heute aus dem Evangelium, ohne Anpassung an eine Modernit\u00e4t, ohne Verhaftetsein an eine Vergangenheit.<\/p>\n<p align=\"justify\">Denn: Mit uns ist Gott.<\/p>\n","protected":false},"excerpt":{"rendered":"<p>Im Glaubensbekenntnis bekennen wir die eine heilige katholische uns apostolische Kirche. Nun \u2013 das tun andere Gemeinschaften auch \u2013 was ist also Besonderes an der unseren? Unser Herr hat den Aposteln aufgetragen, das Evangelium aller Welt zu verk\u00fcndigen und alle V\u00f6lker zum Gehorsam unter das Evangelium zu rufen. Seit den Zeiten der Apostel hat sich &hellip; <\/p>\n<p class=\"link-more\"><a href=\"https:\/\/mainz-orthodoxie.de\/ru\/was-ist-orthodoxie\/\" class=\"more-link\">Continue reading<span class=\"screen-reader-text\"> &#8220;Was ist Orthodoxie?&#8221;<\/span><\/a><\/p>\n","protected":false},"author":2,"featured_media":0,"parent":0,"menu_order":0,"comment_status":"closed","ping_status":"closed","template":"","meta":{"ngg_post_thumbnail":0,"footnotes":""},"class_list":["post-39","page","type-page","status-publish","hentry"],"translation":{"provider":"WPGlobus","version":"3.0.2","language":"ru","enabled_languages":["de","ru","en"],"languages":{"de":{"title":true,"content":true,"excerpt":false},"ru":{"title":false,"content":false,"excerpt":false},"en":{"title":false,"content":true,"excerpt":false}}},"_links":{"self":[{"href":"https:\/\/mainz-orthodoxie.de\/ru\/wp-json\/wp\/v2\/pages\/39","targetHints":{"allow":["GET"]}}],"collection":[{"href":"https:\/\/mainz-orthodoxie.de\/ru\/wp-json\/wp\/v2\/pages"}],"about":[{"href":"https:\/\/mainz-orthodoxie.de\/ru\/wp-json\/wp\/v2\/types\/page"}],"author":[{"embeddable":true,"href":"https:\/\/mainz-orthodoxie.de\/ru\/wp-json\/wp\/v2\/users\/2"}],"replies":[{"embeddable":true,"href":"https:\/\/mainz-orthodoxie.de\/ru\/wp-json\/wp\/v2\/comments?post=39"}],"version-history":[{"count":8,"href":"https:\/\/mainz-orthodoxie.de\/ru\/wp-json\/wp\/v2\/pages\/39\/revisions"}],"predecessor-version":[{"id":806,"href":"https:\/\/mainz-orthodoxie.de\/ru\/wp-json\/wp\/v2\/pages\/39\/revisions\/806"}],"wp:attachment":[{"href":"https:\/\/mainz-orthodoxie.de\/ru\/wp-json\/wp\/v2\/media?parent=39"}],"curies":[{"name":"wp","href":"https:\/\/api.w.org\/{rel}","templated":true}]}}