{"id":66,"date":"2019-08-20T20:49:52","date_gmt":"2019-08-20T18:49:52","guid":{"rendered":"http:\/\/neu.mainz-orthodoxie.de\/?page_id=66"},"modified":"2022-01-20T00:03:22","modified_gmt":"2022-01-19T23:03:22","slug":"mysterien","status":"publish","type":"page","link":"https:\/\/mainz-orthodoxie.de\/ru\/mysterien\/","title":{"rendered":"Mysterien"},"content":{"rendered":"<p><strong>Taufen, Hochzeiten oder Krankensalbung: <\/strong>Die Anmeldung von&nbsp;Taufen, Hochzeiten oder Krankensalbungen<strong>&nbsp;<\/strong>sollte mit dem Priester abgesprochen werden. F\u00fcr die Taufe von Erwachsenen gibt es normalerweise Vorgespr\u00e4che und katechetischen Unterricht. Oft gibt es auch f\u00fcr die Taufe von Kleinkindern Gespr\u00e4che f\u00fcr die Eltern.<\/p>\n<p><strong>Bittgottesdienste (Moleben) und Totengedenken (Panichida): <\/strong>Diese&nbsp;k\u00f6nnen in der Kirche bestellt werden. Sie werden dann nach Terminabsprache durchgef\u00fchrt.<\/p>\n<p><strong>Hausbesuche, Hausweihen, Autoweihen und Krankenbesuche&nbsp;<\/strong>sind ebenfalls nach Absprache m\u00f6glich.<\/p>\n<p><strong>Beerdigung und Aussegnung: <\/strong>F\u00fcr eine Beerdigung und eine Aussegnungsfeier wenden Sie sich bitte direkt an Priester Matthias Fr\u00f6se .<\/p>\n","protected":false},"excerpt":{"rendered":"<p>Taufen, Hochzeiten oder Krankensalbung: Die Anmeldung von&nbsp;Taufen, Hochzeiten oder Krankensalbungen&nbsp;sollte mit dem Priester abgesprochen werden. F\u00fcr die Taufe von Erwachsenen gibt es normalerweise Vorgespr\u00e4che und katechetischen Unterricht. Oft gibt es auch f\u00fcr die Taufe von Kleinkindern Gespr\u00e4che f\u00fcr die Eltern. Bittgottesdienste (Moleben) und Totengedenken (Panichida): Diese&nbsp;k\u00f6nnen in der Kirche bestellt werden. Sie werden dann nach &hellip; <\/p>\n<p class=\"link-more\"><a href=\"https:\/\/mainz-orthodoxie.de\/ru\/mysterien\/\" class=\"more-link\">Continue reading<span class=\"screen-reader-text\"> &#8220;Mysterien&#8221;<\/span><\/a><\/p>\n","protected":false},"author":2,"featured_media":0,"parent":0,"menu_order":0,"comment_status":"closed","ping_status":"closed","template":"","meta":{"ngg_post_thumbnail":0,"footnotes":""},"class_list":["post-66","page","type-page","status-publish","hentry"],"translation":{"provider":"WPGlobus","version":"3.0.2","language":"ru","enabled_languages":["de","ru","en"],"languages":{"de":{"title":true,"content":true,"excerpt":false},"ru":{"title":false,"content":false,"excerpt":false},"en":{"title":true,"content":true,"excerpt":false}}},"_links":{"self":[{"href":"https:\/\/mainz-orthodoxie.de\/ru\/wp-json\/wp\/v2\/pages\/66","targetHints":{"allow":["GET"]}}],"collection":[{"href":"https:\/\/mainz-orthodoxie.de\/ru\/wp-json\/wp\/v2\/pages"}],"about":[{"href":"https:\/\/mainz-orthodoxie.de\/ru\/wp-json\/wp\/v2\/types\/page"}],"author":[{"embeddable":true,"href":"https:\/\/mainz-orthodoxie.de\/ru\/wp-json\/wp\/v2\/users\/2"}],"replies":[{"embeddable":true,"href":"https:\/\/mainz-orthodoxie.de\/ru\/wp-json\/wp\/v2\/comments?post=66"}],"version-history":[{"count":6,"href":"https:\/\/mainz-orthodoxie.de\/ru\/wp-json\/wp\/v2\/pages\/66\/revisions"}],"predecessor-version":[{"id":1541,"href":"https:\/\/mainz-orthodoxie.de\/ru\/wp-json\/wp\/v2\/pages\/66\/revisions\/1541"}],"wp:attachment":[{"href":"https:\/\/mainz-orthodoxie.de\/ru\/wp-json\/wp\/v2\/media?parent=66"}],"curies":[{"name":"wp","href":"https:\/\/api.w.org\/{rel}","templated":true}]}}