{"id":69,"date":"2019-08-20T20:50:19","date_gmt":"2019-08-20T18:50:19","guid":{"rendered":"http:\/\/neu.mainz-orthodoxie.de\/?page_id=69"},"modified":"2026-03-13T16:53:29","modified_gmt":"2026-03-13T15:53:29","slug":"liturgische-texte","status":"publish","type":"page","link":"https:\/\/mainz-orthodoxie.de\/ru\/liturgische-texte\/","title":{"rendered":"Liturgische Texte"},"content":{"rendered":"<p><strong>Texte der Gemeinde des Hl Christophorus, Mainz<\/strong><\/p>\n<ul>\n<li><a href=\"https:\/\/mainz-orthodoxie.de\/wp-content\/uploads\/2020\/03\/3u6-Stunde.pdf\">Stundengebet (3. und 6. Stunde)<\/a><\/li>\n<li><a href=\"https:\/\/mainz-orthodoxie.de\/wp-content\/uploads\/2020\/03\/Typika-Sonntag.pdf\">Typische Synaxis an einem Sonntag<\/a><\/li>\n<li><a href=\"https:\/\/mainz-orthodoxie.de\/wp-content\/uploads\/2020\/03\/Typika-Wochentage.pdf\">Typische Synaxis an einem Werktag<\/a><\/li>\n<li><a href=\"https:\/\/mainz-orthodoxie.de\/wp-content\/uploads\/2020\/03\/Wechseltexte-des-Oktoichos.pdf\">Wechseltexte des Oktoichos<\/a><\/li>\n<\/ul>\n<p><strong>Texte der Liturgischen Kommission der Orthodoxen Bischofskonferenz Deutschland<\/strong><\/p>\n<ul>\n<li><a href=\"http:\/\/www.obkd.de\/Texte\/Chrysostomos-Liturgie.pdf\">G\u00f6ttliche Liturgie unseres Heiligen Vaters Johannes Chrysostomos<\/a><\/li>\n<li><a href=\"http:\/\/www.obkd.de\/Texte\/Basilius-Liturgie.pdf\">G\u00f6ttliche Liturgie unseres Heiligen Vaters Basilios des Gro\u00dfen<\/a><\/li>\n<li><a href=\"http:\/\/obkd.de\/texte\/Liturgie%20der%20Vorhergeheiligten%20Gaben.pdf\">Liturgie der Vorhergeheiligten Gaben<\/a><\/li>\n<li><a href=\"http:\/\/www.obkd.de\/Texte\/Taufe.pdf\">Ordnung der Taufe<\/a><\/li>\n<li><a href=\"http:\/\/www.obkd.de\/Texte\/Kroenung.pdf\">Ordnung der Kr\u00f6nung<\/a><\/li>\n<\/ul>\n<p><strong>weitere Texte<\/strong><\/p>\n<ul>\n<li><a href=\"https:\/\/orthodoxia.de\/gebete\/liturgikon\">Liturgikon<\/a><\/li>\n<li><a href=\"https:\/\/orthodoxia.de\/gebete\/rituale\">Rituale<\/a><\/li>\n<li><a href=\"https:\/\/orthodoxia.de\/gebete\/gebetbuch\">Gebetbuch<\/a><\/li>\n<\/ul>\n","protected":false},"excerpt":{"rendered":"<p>Texte der Gemeinde des Hl Christophorus, Mainz Stundengebet (3. und 6. Stunde) Typische Synaxis an einem Sonntag Typische Synaxis an einem Werktag Wechseltexte des Oktoichos Texte der Liturgischen Kommission der Orthodoxen Bischofskonferenz Deutschland G\u00f6ttliche Liturgie unseres Heiligen Vaters Johannes Chrysostomos G\u00f6ttliche Liturgie unseres Heiligen Vaters Basilios des Gro\u00dfen Liturgie der Vorhergeheiligten Gaben Ordnung der Taufe &hellip; <\/p>\n<p class=\"link-more\"><a href=\"https:\/\/mainz-orthodoxie.de\/ru\/liturgische-texte\/\" class=\"more-link\">Continue reading<span class=\"screen-reader-text\"> &#8220;Liturgische Texte&#8221;<\/span><\/a><\/p>\n","protected":false},"author":2,"featured_media":0,"parent":0,"menu_order":0,"comment_status":"closed","ping_status":"closed","template":"","meta":{"ngg_post_thumbnail":0,"footnotes":""},"class_list":["post-69","page","type-page","status-publish","hentry"],"translation":{"provider":"WPGlobus","version":"3.0.2","language":"ru","enabled_languages":["de","ru","en"],"languages":{"de":{"title":true,"content":true,"excerpt":false},"ru":{"title":false,"content":false,"excerpt":false},"en":{"title":false,"content":false,"excerpt":false}}},"_links":{"self":[{"href":"https:\/\/mainz-orthodoxie.de\/ru\/wp-json\/wp\/v2\/pages\/69","targetHints":{"allow":["GET"]}}],"collection":[{"href":"https:\/\/mainz-orthodoxie.de\/ru\/wp-json\/wp\/v2\/pages"}],"about":[{"href":"https:\/\/mainz-orthodoxie.de\/ru\/wp-json\/wp\/v2\/types\/page"}],"author":[{"embeddable":true,"href":"https:\/\/mainz-orthodoxie.de\/ru\/wp-json\/wp\/v2\/users\/2"}],"replies":[{"embeddable":true,"href":"https:\/\/mainz-orthodoxie.de\/ru\/wp-json\/wp\/v2\/comments?post=69"}],"version-history":[{"count":13,"href":"https:\/\/mainz-orthodoxie.de\/ru\/wp-json\/wp\/v2\/pages\/69\/revisions"}],"predecessor-version":[{"id":2307,"href":"https:\/\/mainz-orthodoxie.de\/ru\/wp-json\/wp\/v2\/pages\/69\/revisions\/2307"}],"wp:attachment":[{"href":"https:\/\/mainz-orthodoxie.de\/ru\/wp-json\/wp\/v2\/media?parent=69"}],"curies":[{"name":"wp","href":"https:\/\/api.w.org\/{rel}","templated":true}]}}